{"id":671,"date":"2019-12-11T20:15:41","date_gmt":"2019-12-11T11:15:41","guid":{"rendered":"https:\/\/tailwalk.jp\/?page_id=671"},"modified":"2025-06-06T11:48:37","modified_gmt":"2025-06-06T02:48:37","slug":"distributor","status":"publish","type":"page","link":"https:\/\/www.tailwalk.jp\/en\/distributor\/","title":{"rendered":"DISTRIBUTORS"},"content":{"rendered":"<main><\/main>\r\n<section class=\"page_header\">\r\n<h1>DISTRIBUTORS<\/h1>\r\n<\/section>\r\n<nav class=\"anker_link\">\r\n<ul class=\"contents_wrap\">\r\n\t<li><a href=\"#shaft\">EUROPE<\/a><\/li>\r\n\t<li><a href=\"#shaft_with_net\">ASIA<\/a><\/li>\r\n\t<li><a href=\"#tool\">AMERICA<\/a><\/li>\r\n\r\n        \r\n\t<li><a href=\"#tool_oce\">OCEANIA<\/a><\/li>\r\n<\/ul>\r\n<\/nav>\r\n<div class=\"contents_main\">\r\n<div class=\"contents_wrap\">\r\n<p><!-- EUROPE --><\/p>\r\n<section id=\"shaft\" class=\"block_list\">\r\n<h2>EUROPE<\/h2>\r\n<div class=\"list_block\">\r\n<div class=\"list_item\">\r\n<h3><a href=\"http:\/\/advanced-fishing.com\" target=\"_blank\" rel=\"noopener noreferrer\">Advanced-Fishing.com<\/a><\/h3>\r\n<address>\r\n<p class=\"address\">Bahnhofstr.71 35410 Hungen GERMANY<\/p>\r\n<p class=\"phone\">+49(0)6402 80 59 938<\/p>\r\n<\/address>\r\n<ul class=\"country_list\">\r\n\t<li><img decoding=\"async\" src=\"\/assets\/img\/distributor\/germany.jpg\" alt=\"\" \/>GERMANY<\/li>\r\n\t<li><img decoding=\"async\" src=\"\/assets\/img\/distributor\/austria.jpg\" alt=\"\" \/>AUSTRIA<\/li>\r\n\t<li><img decoding=\"async\" src=\"\/assets\/img\/distributor\/switzerland.jpg\" alt=\"\" \/>SWITZERLAND<\/li>\r\n\t<li><img decoding=\"async\" src=\"\/assets\/img\/distributor\/netherland.jpg\" alt=\"\" \/>NETHERLAND<\/li>\r\n\t<li><img decoding=\"async\" src=\"\/assets\/img\/distributor\/belgium.jpg\" alt=\"\" \/>BELGIUM<\/li>\r\n\t<li><img decoding=\"async\" src=\"\/assets\/img\/distributor\/luxembourg.jpg\" alt=\"\" \/>LUXEMBOURG<\/li>\r\n<\/ul>\r\n<\/div>\r\n<div class=\"list_item\">\r\n<h3><a href=\"http:\/\/www.bluesprings.it\/\" target=\"_blank\" rel=\"noopener noreferrer\">BLUE SPRINGS<\/a><\/h3>\r\n<address>\r\n<p class=\"address\">Via Marco Fanno, 9<br>\r\n31030 Dosson di Casier (TV), Italy<\/p>\r\n<p class=\"phone\">+39-0422-634083<\/p>\r\n<\/address>\r\n<ul class=\"country_list\">\r\n\t<li><img decoding=\"async\" src=\"\/assets\/img\/distributor\/italy.jpg\" alt=\"\" \/>ITALY<\/li>\r\n\t<li><img decoding=\"async\" src=\"\/assets\/img\/distributor\/slovenia.jpg\" alt=\"\" \/>SLOVENIA<\/li>\r\n\t<li><img decoding=\"async\" src=\"\/assets\/img\/distributor\/croatia.jpg\" alt=\"\" \/>CROATIA<\/li>\r\n\t<li><img decoding=\"async\" src=\"\/assets\/img\/distributor\/malta.jpg\" alt=\"\" \/>MALTA<\/li>\r\n<\/ul>\r\n<\/div>\r\n<div class=\"list_item\">\r\n<h3><a href=\"https:\/\/aofuk.com\" target=\"_blank\" rel=\"noopener noreferrer\">THE ART OF FISHING<\/a><\/h3>\r\n<address>\r\n<p class=\"address\">St Tudy Bodmin Cornwall PL30 3NN\r\n<br>e-mail:trade@aofuk.com<\/p>\r\n<p class=\"phone\">+44 (0)1208 244 051<\/p>\r\n<\/address>\r\n<ul class=\"country_list\">\r\n\t<li><img decoding=\"async\" src=\"\/assets\/img\/distributor\/uk.jpg\" \/>UK<\/li>\r\n<\/ul>\r\n<\/div>\r\n<div class=\"list_item\">\r\n<h3><a href=\"http:\/\/blog.elpezrosa.com\/2014\/04\/profesionales-el-pez-rosa.html\" target=\"_blank\" rel=\"noopener noreferrer\">EL PEZ ROSA <br \/>\r\nPROFESIONALES<\/a><\/h3>\r\n<address>\r\n<p class=\"address\">PLAYA DE LAS ALMADABILLAS<br \/>\r\nS\/N. EDIFICIO NAUTICO &#8211; CLUB DE MAR.<br \/>\r\n04007 ALMERIA SPAIN<\/p>\r\n<p class=\"phone\">+34-950-270-816<\/p>\r\n<\/address>\r\n<ul class=\"country_list\">\r\n\t<li><img decoding=\"async\" src=\"\/assets\/img\/distributor\/spain.jpg\" \/>SPAIN<\/li>\r\n<\/ul>\r\n<\/div>\r\n\r\n\r\n<div class=\"list_item\">\r\n<h3><a href=\"http:\/\/www.flashmer.com\" target=\"_blank\" rel=\"noopener noreferrer\">FLASHMER<\/a><\/h3>\r\n<address>\r\n<p class=\"address\">CS80703, 177, rue Jeanne Jugan, 50407 GRANVILLE cedex-France<\/p>\r\n<p class=\"phone\">+33(0)233508428<\/p>\r\n<\/address>\r\n<ul class=\"country_list\">\r\n\t<li><img decoding=\"async\" src=\"\/assets\/img\/distributor\/france.jpg\" \/>FRANCE<\/li>\r\n<\/ul>\r\n<\/div>\r\n\r\n\r\n\r\n<div class=\"list_item\">\r\n<h3><a href=\"http:\/\/fishingzone.bg\/\" target=\"_blank\" rel=\"noopener noreferrer\">FISHING ZONE<\/a><\/h3>\r\n<address>\r\n<p class=\"address\">10 HRISTO TRAYKOV STR. 1225 <br \/>\r\nSOFIA BULGARIA<\/p>\r\n<p class=\"phone\">+359-887-538-666<\/p>\r\n<\/address>\r\n<ul class=\"country_list\">\r\n\t<li><img decoding=\"async\" src=\"\/assets\/img\/distributor\/bulgaria.jpg\" \/>BULGARIA<\/li>\r\n\t<li><img decoding=\"async\" src=\"\/assets\/img\/distributor\/romania.jpg\" \/>ROMANIA<\/li>\r\n<\/ul>\r\n<\/div>\r\n\r\n<!--\r\n<div class=\"list_item\">\r\n<h3><a href=\"http:\/\/kotas.vhost.lt\/\" target=\"_blank\" rel=\"noopener noreferrer\">KOTAS<\/a><\/h3>\r\n<address>\r\n<p class=\"address\">UKMERGES STR. 234A 07160 <br \/>\r\nVILNIUS LITHUANIA<\/p>\r\n<p class=\"phone\">+37-052-411-711<\/p>\r\n<\/address>\r\n<ul class=\"country_list\">\r\n\t<li><img decoding=\"async\" src=\"\/assets\/img\/distributor\/lithuania.jpg\" \/>LITHUANIA<\/li>\r\n\t<li><img decoding=\"async\" src=\"\/assets\/img\/distributor\/estonia.jpg\" \/>ESTONIA<\/li>\r\n\t<li><img decoding=\"async\" src=\"\/assets\/img\/distributor\/latvia.jpg\" \/>LATVIA<\/li>\r\n<\/ul>\r\n<\/div>\r\n-->\r\n\r\n<div class=\"list_item\">\r\n<h3><a href=\"http:\/\/www.biggame.gr\/\" target=\"_blank\" rel=\"noopener noreferrer\">BIG GAME<\/a><\/h3>\r\n<address>\r\n<p class=\"address\">15 METAXA STR 16675 GLYFADA<br \/>\r\nATHENS GREECE<\/p>\r\n<p class=\"phone\">+30-210-894-8818<\/p>\r\n<\/address>\r\n<ul class=\"country_list\">\r\n\t<li><img decoding=\"async\" src=\"\/assets\/img\/distributor\/greece.jpg\" \/>GREECE<\/li>\r\n\t<li><img decoding=\"async\" src=\"\/assets\/img\/distributor\/cyprus.jpg\" \/>CYPRUS<\/li>\r\n<\/ul>\r\n<\/div>\r\n<div class=\"list_item\">\r\n<h3><a href=\"http:\/\/www.brc.com.pl\/\" target=\"_blank\" rel=\"noopener noreferrer\">BEST RODS CENTER<\/a><\/h3>\r\n<address>\r\n<p class=\"address\">JEZOWE 575 37-430 JEZOWE POLAND<\/p>\r\n<p class=\"phone\">+48609479760<\/p>\r\n<\/address>\r\n<ul class=\"country_list\">\r\n\t<li><img decoding=\"async\" src=\"\/assets\/img\/distributor\/poland.jpg\" \/>POLAND<\/li>\r\n<\/ul>\r\n<\/div>\r\n\r\n<!--\r\n<div class=\"list_item\">\r\n<h3><a href=\"http:\/\/exex.ua\/\" target=\"_blank\" rel=\"noopener noreferrer\">EXTREME<\/a><\/h3>\r\n<address>\r\n<p class=\"address\">Stroiteley str., 27 02100 Kyiv, Ukraine<\/p>\r\n<p class=\"phone\">+380 44 5733187<\/p>\r\n<\/address>\r\n<ul class=\"country_list\">\r\n\t<li><img decoding=\"async\" src=\"\/assets\/img\/distributor\/ukraine.jpg\" \/>UKRAINE<\/li>\r\n<\/ul>\r\n<\/div>\r\n-->\r\n\r\n<div class=\"list_item\">\r\n<h3><a href=\"http:\/\/www.fishingplaza.ru\/\" target=\"_blank\" rel=\"noopener noreferrer\">Fishing Plaza , Kubera .<\/a><\/h3>\r\n<address>\r\n<p class=\"address\">Skolkovskoe\u00a0 shosse\u00a0 31\u00a0 , str.1 , 4 floor , pavil. 11,18 Moscow<\/p>\r\n<p class=\"phone\">+7-495-9376443<\/p>\r\n<\/address>\r\n<ul class=\"country_list\">\r\n\t<li><img decoding=\"async\" src=\"\/assets\/img\/distributor\/russia.jpg\" \/>RUSSIA<\/li>\r\n<\/ul>\r\n<\/div>\r\n\r\n<!--\r\n<div class=\"list_item\">\r\n<h3><a href=\"http:\/\/ebisu66.ru\/\" target=\"_blank\" rel=\"noopener noreferrer\">EBISU<\/a><\/h3>\r\n<address>\r\n<p class=\"address\">620050, Yekaterinburg, Technical street, 63<\/p>\r\n<p class=\"phone\">+7-343-373-66-55<\/p>\r\n<\/address>\r\n<ul class=\"country_list\">\r\n\t<li><img decoding=\"async\" src=\"\/assets\/img\/distributor\/russia.jpg\" \/>RUSSIA<\/li>\r\n<\/ul>\r\n<\/div>\r\n-->\r\n\r\n<!--\r\n<div class=\"list_item\">\r\n<h3>World of Hunting<\/h3>\r\n<address>\r\n<p class=\"address\">350080 Uralskaya Str. 99 Krasnodar<\/p>\r\n<p class=\"phone\">+7-861-210-39-00<\/p>\r\n<\/address>\r\n<ul class=\"country_list\">\r\n\t<li><img decoding=\"async\" src=\"\/assets\/img\/distributor\/russia.jpg\" \/>RUSSIA<\/li>\r\n<\/ul>\r\n<\/div>\r\n-->\r\n\r\n<div class=\"list_item\">\r\n<h3>INTEROST CO.,LTD.<\/h3>\r\n<address>\r\n<p class=\"address\">Borodinskaya 46\/50, Vladivostok<\/p>\r\n<p class=\"phone\">+7-423-2345745<\/p>\r\n<\/address>\r\n<ul class=\"country_list\">\r\n\t<li><img decoding=\"async\" src=\"\/assets\/img\/distributor\/russia.jpg\" \/>RUSSIA<\/li>\r\n<\/ul>\r\n<\/div>\r\n<div class=\"list_item\">\r\n<h3><a href=\"https:\/\/www.jpsnasti.ru\/\" target=\"_blank\" rel=\"noopener noreferrer\">JPSNASTI<\/a><\/h3>\r\n<address>\r\n<p class=\"address\">Bolshaya Serpuhovskaya 46\/34 &#8211; 5, Moscow<\/p>\r\n<p class=\"phone\">+7-495-109-01-89<\/p>\r\n<\/address>\r\n<ul class=\"country_list\">\r\n\t<li><img decoding=\"async\" src=\"\/assets\/img\/distributor\/russia.jpg\" \/>RUSSIA<\/li>\r\n<\/ul>\r\n<\/div>\r\n<div class=\"list_item\">\r\n<h3><a href=\"https:\/\/jpmania.ru\/\" target=\"_blank\" rel=\"noopener noreferrer\">JPMANIA<\/a><\/h3>\r\n<address>\r\n<p class=\"address\">Borodinskaya 46\/50, Vladivostok<\/p>\r\n<p class=\"phone\">+7-4232-345745<\/p>\r\n<\/address>\r\n<ul class=\"country_list\">\r\n\t<li><img decoding=\"async\" src=\"\/assets\/img\/distributor\/russia.jpg\" \/>RUSSIA<\/li>\r\n<\/ul>\r\n<\/div>\r\n<div class=\"list_item\">\r\n<h3><a href=\"https:\/\/tailwalk.hu\/\" target=\"_blank\" rel=\"noopener noreferrer\">CQPARTS Kft<\/a><\/h3>\r\n<address>\r\n<p class=\"address\">H-1161 Budapest, Rakosi ut 46. Hungary<\/p>\r\n<p class=\"phone\">+36-30-980-5820<\/p>\r\n<\/address>\r\n<ul class=\"country_list\">\r\n\t<li><img decoding=\"async\" src=\"\/assets\/img\/distributor\/hungary.jpg\" \/>HUNGARY<\/li>\r\n<\/ul>\r\n<\/div>\r\n<div class=\"list_item\">\r\n<h3><a href=\"http:\/\/www.neromarin.com\/\" target=\"_blank\" rel=\"noopener noreferrer\">NERO MARIN<\/a><\/h3>\r\n<address>\r\n<p class=\"address\">Uncular Cad. No 45\/A Uskudar &#8211; Istanbul &#8211; Turkey<\/p>\r\n<p class=\"phone\">+90-534-5717289<\/p>\r\n<\/address>\r\n<ul class=\"country_list\">\r\n\t<li><img decoding=\"async\" src=\"\/assets\/img\/distributor\/turkey.jpg\" \/>TURKEY<\/li>\r\n<\/ul>\r\n<\/div>\r\n\r\n<!--\r\n<div class=\"list_item\">\r\n<h3>MEDSEA TACKLE TRADING<\/h3>\r\n<address>\r\n<p class=\"address\">3 CUMBERLAND ROAD<br \/>\r\nGIBRALTAR GX11 1AA<\/p>\r\n<p class=\"phone\">+350-200-716-94<\/p>\r\n<\/address>\r\n<ul class=\"country_list\">\r\n\t<li><img decoding=\"async\" src=\"\/assets\/img\/distributor\/gibraltar.jpg\" \/>GIBRALTAR<\/li>\r\n<\/ul>\r\n<\/div>\r\n-->\r\n\r\n<div class=\"list_item\">\r\n<h3><a href=\"http:\/\/www.fishing.ba\/\" target=\"_blank\" rel=\"noopener noreferrer\">Fishing d.o.o.<\/a><\/h3>\r\n<address>\r\n<p class=\"address\">Novice Cerovica bb, Lok. br. 8<br \/>\r\n78 000, Banja Luka<br \/>\r\nBosnia and Herzegovina<\/p>\r\n<p class=\"phone\">+387 51 962 877<\/p>\r\n<\/address>\r\n<ul class=\"country_list\">\r\n\t<li><img decoding=\"async\" src=\"\/assets\/img\/distributor\/bosniaandherzegovina.jpg\" \/>BOSNIA and HERZEGOVINA<\/li>\r\n\t<li><img decoding=\"async\" src=\"\/assets\/img\/distributor\/montenegro.jpg\" \/>MONTENEGRO<\/li>\r\n\t<li><img decoding=\"async\" src=\"\/assets\/img\/distributor\/serbia.jpg\" \/>SERBIA<\/li>\r\n<\/ul>\r\n<\/div>\r\n\r\n<!--\r\n<div class=\"list_item\">\r\n<h3><a href=\"https:\/\/driveboat.by\/\" target=\"_blank\" rel=\"noopener noreferrer\">DRIVEBOAT LTD.<\/a><\/h3>\r\n<address>\r\n<p class=\"address\">Minsk. Belarus Chyurlyonis St.,6 of.154<\/p>\r\n<p class=\"phone\">+375-29-627-99-22<\/p>\r\n<\/address>\r\n<ul class=\"country_list\">\r\n\t<li><img decoding=\"async\" src=\"\/assets\/img\/distributor\/belarus.jpg\" \/>BELARUS<\/li>\r\n<\/ul>\r\n<\/div>\r\n-->\r\n\r\n<!--\r\n<div class=\"list_item\">\r\n<h3><a href=\"http:\/\/connachttrading.com\/\" target=\"_blank\" rel=\"noopener noreferrer\">Connacht Trading<\/a><\/h3>\r\n<address>\r\n<p class=\"address\">Wyckham Point, Dublin D16, Ireland<\/p>\r\n<\/address>\r\n<ul class=\"country_list\">\r\n\t<li><img decoding=\"async\" src=\"\/assets\/img\/distributor\/ireland.jpg\" \/>IRELAND<\/li>\r\n<\/ul>\r\n<\/div>\r\n-->\r\n\r\n<div class=\"list_item\">\r\n<h3><a href=\"https:\/\/kayak-fishing.cz\/\" target=\"_blank\" rel=\"noopener noreferrer\">Kayak-fishing.cz<\/a><\/h3>\r\n<address>\r\n<p class=\"address\">Pet\u0159\u00edkov 129, Velk\u00e9 Popovice 25169 &#8211; Czech Republic<\/p>\r\n<p class=\"phone\">+42 (0) 602 158 002<\/p>\r\n<\/address>\r\n<ul class=\"country_list\">\r\n\t<li><img decoding=\"async\" src=\"\/assets\/img\/distributor\/czech.jpg\" \/>CZECH REPUBLIC<\/li>\r\n<\/ul>\r\n<\/div>\r\n<div class=\"list_item\">\r\n<h3><a href=\"https:\/\/pikewallis.no\/\" target=\"_blank\" rel=\"noopener noreferrer\">Pikewallis<\/a><\/h3>\r\n<address>\r\n<p class=\"address\">c\/o Kristin Roos Aas.Aasveien 43. N-1900Fetsund NORWAY<\/p>\r\n<p class=\"phone\">+47-97972384<\/p>\r\n<\/address>\r\n<ul class=\"country_list\">\r\n\t<li><img decoding=\"async\" src=\"\/assets\/img\/distributor\/norway.jpg\" \/>NORWAY<\/li>\r\n<\/ul>\r\n<\/div>\r\n<\/div>\r\n<\/section>\r\n<p><!-- EUROPE \u7d42\u4e86 --><!-- ASIA --><\/p>\r\n<section id=\"shaft_with_net\" class=\"block_list\">\r\n<h2>ASIA<\/h2>\r\n\r\n\r\n\r\n<div class=\"list_block\">\r\n<div class=\"list_item\">\r\n<h3><a href=\"http:\/\/www.unimac.co.kr\/shop\/main\/index.php\" target=\"_blank\" rel=\"noopener noreferrer\">UNIMAC\/ATEC KOREA<\/a><\/h3>\r\n<address>\r\n<p class=\"address\">WORLDPLAZA 215HO 2F 1330-1 GEUMGOK-DONG<br \/>\r\nBUK-GU BUSAN 616-813 KOREA<\/p>\r\n<p class=\"phone\">+82-51-365-7771<\/p>\r\n<\/address>\r\n<ul class=\"country_list\">\r\n\t<li><img decoding=\"async\" src=\"\/assets\/img\/distributor\/korea.jpg\" \/>KOREA<\/li>\r\n<\/ul>\r\n<\/div>\r\n<div class=\"list_item\">\r\n<h3>LOG WORK SHOP<\/h3>\r\n<address>\r\n<p class=\"address\">RM 317, 3\/F, Park Fook Ind. Bldg., No. 615-617 Tai Nan West St., Lai Chi Kok,Kowloon, Hong Kong<\/p>\r\n<p class=\"phone\">+852-5932-9936<\/p>\r\n<\/address>\r\n<ul class=\"country_list\">\r\n\t<li><img decoding=\"async\" src=\"\/assets\/img\/distributor\/hongkong.jpg\" \/>HONG KONG<\/li>\r\n\t<li><img decoding=\"async\" src=\"\/assets\/img\/distributor\/china.jpg\" \/>CHINA<\/li>\r\n<\/ul>\r\n<\/div>\r\n<div class=\"list_item\">\r\n<h3>PIRATE ANGLERS<\/h3>\r\n<address>\r\n<p class=\"address\">Rua Guimaraes No.305 R\/C Macau<\/p>\r\n<p class=\"phone\">+853-6683-7783<\/p>\r\n<\/address>\r\n<ul class=\"country_list\">\r\n\t<li><img decoding=\"async\" src=\"\/assets\/img\/distributor\/macau.jpg\" \/>MACAU<\/li>\r\n\t<li><img decoding=\"async\" src=\"\/assets\/img\/distributor\/china.jpg\" \/>CHINA<\/li>\r\n<\/ul>\r\n<\/div>\r\n\r\n\r\n<div class=\"list_block\">\r\n<div class=\"list_item\">\r\n<h3>Xizi Import &#038; Export Co., Ltd.<\/h3>\r\n<address>\r\n<p class=\"address\">XIZI FISHING MAIL, 12#, Qinglong Road,Longhua District,Shenzhen, China 518000<\/p>\r\n<p class=\"phone\">+86 136 0303 8787\u3000<\/p>\r\n<\/address>\r\n<ul class=\"country_list\">\r\n\t<li><img decoding=\"async\" src=\"\/assets\/img\/distributor\/china.jpg\" \/>CHINA<\/li>\r\n<\/ul>\r\n<\/div>\r\n\r\n<div class=\"list_item\">\r\n<h3><a href=\"https:\/\/www.facebook.com\/groups\/1578992775681981\/\" target=\"_blank\" rel=\"noopener noreferrer\">NA-ME INTERNATIONAL CO.,LTD.<\/a><\/h3>\r\n<address>\r\n<p class=\"address\">1F; NO.591.SEC.3.CHENGTAI RD;WUGO DIST.NEW TAIPEI CITY 248001; TAIWAN<\/p>\r\n<p class=\"phone\">+88-62-29091212<\/p>\r\n<\/address>\r\n<ul class=\"country_list\">\r\n\t<li><img decoding=\"async\" src=\"\/assets\/img\/distributor\/taiwan.jpg\" \/>TAIWAN<\/li>\r\n<\/ul>\r\n<\/div>\r\n<div class=\"list_item\">\r\n<h3><a href=\"https:\/\/www.goodday.com.tw\/\" target=\"_blank\" rel=\"noopener noreferrer\">GOOD DAY OUTDOOR CO.,LTD.<\/a><\/h3>\r\n<address>\r\n<p class=\"address\">No.191 XIZANG ST. GUSHAN DIST.<br \/>\r\nKAOHSIUNG CITY 804 TAIWAN<\/p>\r\n<p class=\"phone\">+88-67-5210938<\/p>\r\n<\/address>\r\n<ul class=\"country_list\">\r\n\t<li><img decoding=\"async\" src=\"\/assets\/img\/distributor\/taiwan.jpg\" \/>TAIWAN<\/li>\r\n<\/ul>\r\n<\/div>\r\n<div class=\"list_item\">\r\n<h3><a href=\"http:\/\/www.akantackle.com\/\" target=\"_blank\" rel=\"noopener noreferrer\">AKAN TACKLE<\/a><\/h3>\r\n<address>\r\n<p class=\"address\">227\/7 MU 12 SOI ANYAMANEE KWANG SALATHAMASOP<br \/>\r\nKED TAVEEWATTANA BANKOK 10170 THAILAND<\/p>\r\n<p class=\"phone\">+66-2-214-2539<\/p>\r\n<\/address>\r\n<ul class=\"country_list\">\r\n\t<li><img decoding=\"async\" src=\"\/assets\/img\/distributor\/thailand.jpg\" \/>THAILAND<\/li>\r\n<\/ul>\r\n<\/div>\r\n<div class=\"list_item\">\r\n<h3><a href=\"https:\/\/www.facebook.com\/ONE-OCEAN-Tackle-764061817014481\/\" target=\"_blank\" rel=\"noopener noreferrer\">One Ocean Tackle &#8211;<br \/>\r\nLE DOAN IMPORT EXPORT TRADING SERVICE CO.,LTD.<\/a><\/h3>\r\n<address>\r\n<p class=\"address\">96 Nam Chau st., Ward 11, Tan Binh Dist., Ho Chi Minh city &#8211; VIET NAM<\/p>\r\n<p class=\"phone\">+84-919095692<\/p>\r\n<\/address>\r\n<ul class=\"country_list\">\r\n\t<li><img decoding=\"async\" src=\"\/assets\/img\/distributor\/vietnam.jpg\" \/>VIET NAM<\/li>\r\n<\/ul>\r\n<\/div>\r\n<div class=\"list_item\">\r\n<h3><a href=\"http:\/\/www.sabrestrokers.com\/\" target=\"_blank\" rel=\"noopener noreferrer\">SABRE STROKERS<\/a><\/h3>\r\n<address>\r\n<p class=\"address\">35 ARAB STREET<br \/>\r\nSINGAPORE 199734<\/p>\r\n<p class=\"phone\">+65-63-960-982<\/p>\r\n<\/address>\r\n<ul class=\"country_list\">\r\n\t<li><img decoding=\"async\" src=\"\/assets\/img\/distributor\/singapore.jpg\" \/>SINGAPORE<\/li>\r\n<\/ul>\r\n<\/div>\r\n<div class=\"list_item\">\r\n<h3><a href=\"http:\/\/www.sabrestrokers.com\/\" target=\"_blank\" rel=\"noopener noreferrer\">SABRE TACKLE(M)<\/a><\/h3>\r\n<address>\r\n<p class=\"address\">84 JALAN LOKE YEW, 55200 KUALA LUMPUR, MALAYSIA<\/p>\r\n<p class=\"phone\">+60 3-9221 4628<\/p>\r\n<\/address>\r\n<ul class=\"country_list\">\r\n\t<li><img decoding=\"async\" src=\"\/assets\/img\/distributor\/malaysia.jpg\" \/>MALAYSIA<\/li>\r\n<\/ul>\r\n<\/div>\r\n\r\n<!-- <div class=\"list_item\">\r\n<h3>Express union general trading LLC<\/h3>\r\n<address>\r\n<p class=\"address\">Shop 22, England cluster X20, international city, Dubai, UAE 0528724455<\/p>\r\n<p class=\"phone\">00971528724455<\/p>\r\n<\/address>\r\n<ul class=\"country_list\">\r\n\t<li><img decoding=\"async\" src=\"\/assets\/img\/distributor\/uae.jpg\" \/>UAE<\/li>\r\n<\/ul>\r\n<\/div>-->\r\n\r\n<div class=\"list_item\">\r\n<h3><a href=\"https:\/\/www.instagram.com\/freediverkwt\/\" target=\"_blank\" rel=\"noopener noreferrer\">Freediverkwt<\/a><\/h3>\r\n<address>\r\n<p class=\"address\">Shwaikh Industrial 3 Block C Old Police Station<br \/>\r\nStreet Building 10 Shop #11, KUWAIT<\/p>\r\n<p class=\"phone\">+965-555-750-01<\/p>\r\n<\/address>\r\n<ul class=\"country_list\">\r\n\t<li><img decoding=\"async\" src=\"\/assets\/img\/distributor\/kuwait.jpg\" \/>KUWAIT<\/li>\r\n<\/ul>\r\n<\/div>\r\n<div class=\"list_item\">\r\n<h3><a href=\"http:\/\/www.anglersunion.in\/\" target=\"_blank\" rel=\"noopener noreferrer\">Anglers union<\/a><\/h3>\r\n<address>\r\n<p class=\"address\">X-15 Sheriff&#8217;s complex, Opp St Xavier&#8217;s college, <br \/>\r\npalace road, Aluva 683101, Ernakulam, Kerala, India.<\/p>\r\n<p class=\"phone\">+91-484-2632008<\/p>\r\n<\/address>\r\n<ul class=\"country_list\">\r\n\t<li><img decoding=\"async\" src=\"\/assets\/img\/distributor\/india.jpg\" \/>INDIA<\/li>\r\n<\/ul>\r\n<\/div>\r\n<div class=\"list_item\">\r\n<h3><a href=\"https:\/\/longbreath.net\/\" target=\"_blank\" rel=\"noopener noreferrer\">Longbreath<\/a><\/h3>\r\n<address>\r\n<p class=\"address\">Saudi Arabia &#8211; Head office Jaddeh (Al-Margan Street)<\/p>\r\n<p class=\"phone\">+966546046222 \/ +966565908233<\/p>\r\n<\/address>\r\n<ul class=\"country_list\">\r\n\t<li><img decoding=\"async\" src=\"\/assets\/img\/distributor\/saudiarabia.jpg\" \/>SAUDI ARABIA<\/li>\r\n<\/ul>\r\n<\/div>\r\n\r\n<!--\r\n<div class=\"list_item\">\r\n<h3><a href=\"https:\/\/www.instagram.com\/alnokhidaoman\/\" target=\"_blank\" rel=\"noopener noreferrer\">Mahmal-AlNokhida LLC<\/a><\/h3>\r\n<address>\r\n<p class=\"address\">Muscat, sultanate of Oman<\/p>\r\n<p class=\"phone\">+96891273322<\/p>\r\n<\/address>\r\n<ul class=\"country_list\">\r\n\t<li><img decoding=\"async\" src=\"\/assets\/img\/distributor\/oman.jpg\" \/>OMAN<\/li>\r\n<\/ul>\r\n<\/div>\r\n-->\r\n\r\n<div class=\"list_item\">\r\n<h3><a href=\"https:\/\/www.hydramarine.ae\/\" target=\"_blank\" rel=\"noopener noreferrer\">Hydra Marine Equipment and Fishing Accessories<\/a><\/h3>\r\n<address>\r\n<p class=\"address\">Abu Dhabi , UAE<\/p>\r\n<p class=\"phone\">+97122222147<\/p>\r\n<\/address>\r\n<ul class=\"country_list\">\r\n\t<li><img decoding=\"async\" src=\"\/assets\/img\/distributor\/uae.jpg\" \/>UAE<\/li>\r\n<\/ul>\r\n<\/div>\r\n\r\n\r\n<div class=\"list_item\">\r\n<h3><a href=\"https:\/\/www.instagram.com\/fishhub_mv\" target=\"_blank\" rel=\"noopener noreferrer\">Fishhub Maldives<\/a><\/h3>\r\n<address>\r\n<p class=\"address\">G.Feydhookoshi Majeedhee Magu K.Mal\u00e9 Maldives<\/p>\r\n<p class=\"phone\">+960 7440300<\/p>\r\n<\/address>\r\n<ul class=\"country_list\">\r\n\t<li><img decoding=\"async\" src=\"\/assets\/img\/distributor\/maldives.jpg\" \/> Maldives <\/li>\r\n<\/ul>\r\n<\/div>\r\n\r\n<\/div>\r\n<\/section>\r\n\r\n\r\n<p><!-- ASIA \u7d42\u4e86 --><!-- AMERICA --><\/p>\r\n<section id=\"tool\" class=\"block_list\">\r\n<h2>AMERICA<\/h2>\r\n<div class=\"list_block\">\r\n<!--\r\n<div class=\"list_item\">\r\n<h3><a href=\"https:\/\/www.todopescashop.com\/\" target=\"_blank\" rel=\"noopener noreferrer\">TODOPESCA<\/a><\/h3>\r\n<address>\r\n<p class=\"address\">AVENIDA DEL EJERCITO 563 - OFFICE 3 -MIRAFLORES , LIMA - PERU<\/p>\r\n<p class=\"phone\">+51 929 522 153<\/p>\r\n<\/address>\r\n<ul class=\"country_list\">\r\n\t<li><img decoding=\"async\" src=\"\/assets\/img\/distributor\/peru.jpg\" \/>PERU<\/li>\r\n<\/ul>\r\n<\/div>\r\n-->\r\n\r\n<!--\r\n<div class=\"list_item\">\r\n<h3><a href=\"http:\/\/www.todopesca.cl\/\" target=\"_blank\" rel=\"noopener noreferrer\">TODOPESCA SPA<\/a><\/h3>\r\n<address>\r\n<p class=\"address\">Villa Pedro Lagos, Pasaje\r\nDordo\u00f1a Nro 620, Arica. Comuna\r\nde Arica, XV Regi\u00f3n, CHILE.<\/p>\r\n<p class=\"phone\">+56 9 5617 9097<\/p>\r\n<\/address>\r\n<ul class=\"country_list\">\r\n\t<li><img decoding=\"async\" src=\"\/assets\/img\/distributor\/chile.jpg\" \/>CHILE<\/li>\r\n<\/ul>\r\n<\/div>\r\n-->\r\n\r\n<div class=\"list_item\">\r\n<h3><a href=\"https:\/\/mitzuofishingstore.com\" target=\"_blank\" rel=\"noopener noreferrer\">Mitzuo Fishing Store<\/a><\/h3>\r\n<address>\r\n<p class=\"address\">Coo. Daniel Alcides Carrion G8 INT 3B &#8211; JLBYRIVERO, AREQUIPA &#8211; PERU<\/p>\r\n<p class=\"phone\">+51 937 462 006<\/p>\r\n<\/address>\r\n<ul class=\"country_list\">\r\n\t<li><img decoding=\"async\" src=\"\/assets\/img\/distributor\/peru.jpg\" \/>PERU<\/li>\r\n<\/ul>\r\n<\/div>\r\n\r\n\r\n\r\n<\/div>\r\n<\/section>\r\n<p><!-- AMERICA \u7d42\u4e86 --><!-- OCEANIA --><\/p>\r\n<section id=\"tool_oce\" class=\"block_list\">\r\n<p><!-- OCEANIA --><\/p>\r\n<section id=\"shaft\" class=\"block_list\">\r\n<h2>OCEANIA<\/h2>\r\n<div class=\"list_block\">\r\n<div class=\"list_item\">\r\n<h3><a href=\"https:\/\/www.baittacklestore.com\/\" target=\"_blank\" rel=\"noopener noreferrer\">Bait Tackle Store Underwood<\/a><\/h3>\r\n<address>\r\n<p class=\"address\">Shop D 5-15 Lapis Street Underwood QLD 4077<\/p>\r\n<p class=\"phone\">(07) 3299 4838<\/p>\r\n<\/address>\r\n<ul class=\"country_list\">\r\n\t<li><img decoding=\"async\" src=\"\/assets\/img\/distributor\/australia.jpg\" \/>AUSTRALIA<\/li>\r\n<\/ul>\r\n<\/div>\r\n<div class=\"list_item\">\r\n<h3><a href=\"https:\/\/www.baittacklestore.com\/\" target=\"_blank\" rel=\"noopener noreferrer\">Bait Tackle Store Gold Coast<\/a><\/h3>\r\n<address>\r\n<p class=\"address\">Unit 5\/39 Lawrence Drive Nerang QLD 4211<\/p>\r\n<p class=\"phone\">(07) 5679 0610<\/p>\r\n<\/address>\r\n<ul class=\"country_list\">\r\n\t<li><img decoding=\"async\" src=\"\/assets\/img\/distributor\/australia.jpg\" \/>AUSTRALIA<\/li>\r\n<\/ul>\r\n<\/div>\r\n\r\n\r\n<div class=\"list_item\">\r\n<h3><a href=\"https:\/\/tiofishing.com\/\" target=\"_blank\" rel=\"noopener noreferrer\">TIO FISHING<\/a><\/h3>\r\n<address>\r\n<p class=\"address\"> <\/p>\r\n<p class=\"phone\">+64 132 7302<\/p>\r\n<\/address>\r\n<ul class=\"country_list\">\r\n\t<li><img decoding=\"async\" src=\"\/assets\/img\/distributor\/newzealand.jpg\" \/>New Zealand<\/li>\r\n<\/ul>\r\n<\/div>\r\n\r\n\r\n<\/div>\r\n<\/section>\r\n<p><!-- OCEANIA \u7d42\u4e86 -->\r\n<\/section>\r\n<\/div>\r\n<\/div>\r\n<nav class=\"bred_crumb\">\r\n<ul class=\"contents_wrap\">\r\n\t<li><a href=\"\/\">HOME<\/a><\/li>\r\n\t<li>DISTRIBUTORS<\/li>\r\n<\/ul>\r\n<\/nav>","protected":false},"excerpt":{"rendered":"DISTRIBUTORS EUROPE ASIA AMERICA OCEANIA EUROPE Advanced-Fishing.com Bahnhofstr.71 35410 Hungen GERMANY +49(0) [&hellip;]","protected":false},"author":1,"featured_media":0,"parent":0,"menu_order":11,"comment_status":"closed","ping_status":"closed","template":"template_distributor.php","meta":{"_acf_changed":false,"_monsterinsights_skip_tracking":false,"_monsterinsights_sitenote_active":false,"_monsterinsights_sitenote_note":"","_monsterinsights_sitenote_category":0,"footnotes":""},"acf":[],"aioseo_notices":[],"_links":{"self":[{"href":"https:\/\/www.tailwalk.jp\/en\/wp-json\/wp\/v2\/pages\/671"}],"collection":[{"href":"https:\/\/www.tailwalk.jp\/en\/wp-json\/wp\/v2\/pages"}],"about":[{"href":"https:\/\/www.tailwalk.jp\/en\/wp-json\/wp\/v2\/types\/page"}],"author":[{"embeddable":true,"href":"https:\/\/www.tailwalk.jp\/en\/wp-json\/wp\/v2\/users\/1"}],"replies":[{"embeddable":true,"href":"https:\/\/www.tailwalk.jp\/en\/wp-json\/wp\/v2\/comments?post=671"}],"version-history":[{"count":8,"href":"https:\/\/www.tailwalk.jp\/en\/wp-json\/wp\/v2\/pages\/671\/revisions"}],"predecessor-version":[{"id":17933,"href":"https:\/\/www.tailwalk.jp\/en\/wp-json\/wp\/v2\/pages\/671\/revisions\/17933"}],"wp:attachment":[{"href":"https:\/\/www.tailwalk.jp\/en\/wp-json\/wp\/v2\/media?parent=671"}],"curies":[{"name":"wp","href":"https:\/\/api.w.org\/{rel}","templated":true}]}}